{"id":280,"date":"2014-07-29T13:14:26","date_gmt":"2014-07-29T11:14:26","guid":{"rendered":"http:\/\/medialua.es\/aviso-legal-2\/"},"modified":"2021-09-24T13:13:42","modified_gmt":"2021-09-24T11:13:42","slug":"aviso-legal","status":"publish","type":"page","link":"https:\/\/medialua.es\/gl\/aviso-legal\/","title":{"rendered":"Aviso legal"},"content":{"rendered":"<ul>\n<li style=\"text-align: justify;\"><strong>DATOS DE LA EMPRESA<\/strong><\/li>\n<\/ul>\n<p style=\"text-align: justify;\">En cumplimiento del art\u00edculo 10 de la Ley 34\/2002, de 11 de julio, de Servicios de la Sociedad de la Informaci\u00f3n y Comercio Electr\u00f3nico, Ana Serra Garc\u00eda le informa que se encuentra inscrita en el Registro Mercantil de , siendo sus datos identificativos los siguientes:<\/p>\n<p style=\"text-align: justify;\">Denominaci\u00f3n social es: Ana Serra Garc\u00eda<br \/>\nN.I.F es: 33992300W<br \/>\nDomicilio social: Cami\u00f1o da Chousa 2, 36770 O Rosal ( Pontevedra)<br \/>\nTel\u00e9fono: (+34) 639 83 39 61<br \/>\nCorreo electr\u00f3nico a efectos de comunicaci\u00f3n: info@medialua.es<\/p>\n<p style=\"text-align: justify;\">Todas las notificaciones y comunicaciones entre los usuarios y Ana Serra Garc\u00eda se considerar\u00e1n eficaces, a todos los efectos, cuando se realicen a trav\u00e9s de correo postal o cualquier otro medio de los detallados anteriormente.<\/p>\n<ul style=\"text-align: justify;\">\n<li><strong>CONDICIONES DE ACCESO Y UTILIZACI\u00d3N<\/strong><\/li>\n<\/ul>\n<p style=\"text-align: justify;\">El presente aviso legal regula el uso del sitio web http:\/\/medialua.es\/ (en adelante, LA WEB), del que es titular Ana Serra Garc\u00eda.<\/p>\n<p style=\"text-align: justify;\">La navegaci\u00f3n por la web de Ana Serra Garc\u00eda atribuye la condici\u00f3n de usuario del mismo e implica la aceptaci\u00f3n plena y sin reservas de todas y cada una de las disposiciones incluidas en este Aviso Legal, que pueden sufrir modificaciones.<\/p>\n<p style=\"text-align: justify;\">El sitio web y sus servicios son de acceso libre y gratuito, no obstante, Ana Serra Garc\u00eda condiciona la utilizaci\u00f3n de algunos de los servicios ofrecidos en su web a la previa cumplimentaci\u00f3n del correspondiente formulario.<\/p>\n<p style=\"text-align: justify;\">Todos los contenidos del sitio web, como textos, fotograf\u00edas, gr\u00e1ficos, im\u00e1genes, iconos, tecnolog\u00eda, software, as\u00ed como su dise\u00f1o y c\u00f3digos fuente, constituyen una obra cuya propiedad pertenece a Ana Serra Garc\u00eda, sin que puedan entenderse cedidos al usuario ninguno de los derechos de explotaci\u00f3n sobre los mismos m\u00e1s all\u00e1 de lo estrictamente necesario para el correcto uso de la web.<\/p>\n<p style=\"text-align: justify;\">El usuario garantiza la autenticidad y actualidad de todos aquellos datos que comunique a Ana Serra Garc\u00eda y ser\u00e1 el \u00fanico responsable de las manifestaciones falsas o inexactas que realice.<\/p>\n<p style=\"text-align: justify;\">El usuario se obliga a hacer un uso correcto del sitio web de conformidad con las leyes, la buena fe, el orden p\u00fablico, los usos del tr\u00e1fico y el presente Aviso Legal. El usuario responder\u00e1 frente a Ana Serra Garc\u00eda o frente a terceros, de cualesquiera da\u00f1os y perjuicios que pudieran causarse como consecuencia del incumplimiento de dicha obligaci\u00f3n.<\/p>\n<ul style=\"text-align: justify;\">\n<li><strong>POL\u00cdTICA DE ENLACES Y EXENCIONES DE RESPONSABILIDADES<\/strong><\/li>\n<\/ul>\n<p style=\"text-align: justify;\">Ana Serra Garc\u00eda no se hace responsable del contenido de las p\u00e1ginas web a las que el usuario pueda acceder a trav\u00e9s de los enlaces establecidos en su website y declara que en ning\u00fan caso proceder\u00e1 a examinar o ejercitar ning\u00fan tipo de control sobre el contenido de otras p\u00e1ginas de la red. Asimismo, tampoco garantizar\u00e1 la disponibilidad t\u00e9cnica, exactitud, veracidad, validez o legalidad de p\u00e1ginas ajenas a su propiedad a las que se pueda acceder por medio de los enlaces.<\/p>\n<p style=\"text-align: justify;\">Ana Serra Garc\u00eda declara haber adoptado todas las medidas necesarias para evitar cualesquiera da\u00f1os que, a los usuarios de su website, pudieran derivarse de la navegaci\u00f3n por su p\u00e1gina web. En consecuencia, Ana Serra Garc\u00eda no se hace responsable, en ning\u00fan caso, de los eventuales da\u00f1os que por la navegaci\u00f3n por Internet pudiera sufrir el usuario.<\/p>\n<ul style=\"text-align: justify;\">\n<li><strong>USO DE COOKIES Y DATOS ESTAD\u00cdSTICOS<\/strong><\/li>\n<\/ul>\n<p style=\"text-align: justify;\">Esta p\u00e1gina web no recoge ni almacena datos personales de sus visitantes.<\/p>\n<p style=\"text-align: justify;\">\u00danicamente, con la finalidad de ofrecerle el mejor servicio a trav\u00e9s de esta p\u00e1gina, y con el objeto de facilitar su uso, se analizan el n\u00famero de p\u00e1ginas visitadas, el n\u00famero de visitas, as\u00ed como su frecuencia de utilizaci\u00f3n.<\/p>\n<p style=\"text-align: justify;\">A estos efectos, se utilizan los datos estad\u00edsticos elaborados por el Proveedor de Servicios de Internet de Ana Serra Garc\u00eda Con esta informaci\u00f3n se analiza la frecuencia de uso de la web de la mercantil a partir de los datos de conexi\u00f3n, y las secciones m\u00e1s visitadas. Ana Serra Garc\u00eda no utiliza cookies para recoger informaci\u00f3n de los usuarios desde su p\u00e1gina web ni registra sus direcciones IP.<\/p>\n<p style=\"text-align: justify;\">El usuario tiene la posibilidad de configurar su navegador de modo que se le informe de la recepci\u00f3n de cookies, pudiendo, si as\u00ed lo desea, impedir que sean instaladas en su disco duro. No obstante, para el acceso a la website de Ana Serra Garc\u00eda no ser\u00e1 preceptiva la instalaci\u00f3n de cookies.<\/p>\n<ul style=\"text-align: justify;\">\n<li><strong>PROTECCI\u00d3N DE DATOS<\/strong><\/li>\n<\/ul>\n<p style=\"text-align: justify;\">Se le informa que los datos personales que nos facilite voluntariamente, a trav\u00e9s de los distintos formularios de la web, ser\u00e1n incorporados a un fichero titularidad de Ana Serra Garc\u00eda con domicilio en Cami\u00f1o da Chousa 2, 36770 O Rosal ( Pontevedra), que cumple con las medidas de seguridad exigidas en el Real Decreto 1720\/2007 de 21 de diciembre. La finalidad de dicho fichero es la prestaci\u00f3n y administraci\u00f3n del servicio contratado o solicitado, as\u00ed como la realizaci\u00f3n de estad\u00edsticas, la remisi\u00f3n de publicidad y otras promociones comerciales que Ana Serra Garc\u00eda. pueda efectuar en un futuro.<\/p>\n<p style=\"text-align: justify;\">Mediante el env\u00edo de los mencionados formularios, el usuario autoriza a enviarle informaci\u00f3n y comunicaciones comerciales a trav\u00e9s de correo postal, correo electr\u00f3nico o fax de los productos y servicios del grupo .<\/p>\n<p style=\"text-align: justify;\">Asimismo, Ana Serra Garc\u00eda cancelar\u00e1 o rectificar\u00e1 los datos cuando resulten inexactos, incompletos o hayan dejado de ser necesarios para su finalidad, de conformidad con lo previsto en la Ley Org\u00e1nica 15\/1999, de 13 de diciembre, de Protecci\u00f3n de Datos de Car\u00e1cter Personal.<\/p>\n<p style=\"text-align: justify;\">El usuario podr\u00e1 revocar el consentimiento prestado y ejercer los derechos de acceso, rectificaci\u00f3n, cancelaci\u00f3n y oposici\u00f3n dirigi\u00e9ndose por escrito a Ana Serra Garc\u00eda, en la siguiente direcci\u00f3n Cami\u00f1o da Chousa 2, 36770 O Rosal ( Pontevedra), o bien a trav\u00e9s del siguiente correo electr\u00f3nico info@medialua.es, identific\u00e1ndose debidamente e indicando de forma visible el concreto derecho que se ejerce.<\/p>\n<p style=\"text-align: justify;\">Ana Serra Garc\u00eda adopta los niveles de seguridad correspondientes requeridos por la citada Ley Org\u00e1nica 15\/1999 y dem\u00e1s normativa aplicable. No obstante, no asume ninguna responsabilidad por los da\u00f1os y perjuicios derivados de alteraciones que terceros puedan causar en los sistemas inform\u00e1ticos, documentos electr\u00f3nicos o ficheros del usuario.<\/p>\n","protected":false},"excerpt":{"rendered":"<p>DATOS DE LA EMPRESA En cumplimiento del art\u00edculo 10 de la Ley 34\/2002, de 11 de julio, de Servicios de la Sociedad de la Informaci\u00f3n y Comercio Electr\u00f3nico, Ana Serra Garc\u00eda le informa que se encuentra inscrita en el Registro Mercantil de , siendo sus datos identificativos los siguientes: Denominaci\u00f3n social es: Ana Serra Garc\u00eda [&hellip;]<\/p>\n","protected":false},"author":4,"featured_media":0,"parent":0,"menu_order":0,"comment_status":"closed","ping_status":"closed","template":"template-fullwidth.php","meta":{"ghostkit_customizer_options":"","ghostkit_custom_css":"","ghostkit_custom_js_head":"","ghostkit_custom_js_foot":"","ghostkit_typography":"","footnotes":""},"class_list":["post-280","page","type-page","status-publish","hentry"],"aioseo_notices":[],"_links":{"self":[{"href":"https:\/\/medialua.es\/gl\/wp-json\/wp\/v2\/pages\/280","targetHints":{"allow":["GET"]}}],"collection":[{"href":"https:\/\/medialua.es\/gl\/wp-json\/wp\/v2\/pages"}],"about":[{"href":"https:\/\/medialua.es\/gl\/wp-json\/wp\/v2\/types\/page"}],"author":[{"embeddable":true,"href":"https:\/\/medialua.es\/gl\/wp-json\/wp\/v2\/users\/4"}],"replies":[{"embeddable":true,"href":"https:\/\/medialua.es\/gl\/wp-json\/wp\/v2\/comments?post=280"}],"version-history":[{"count":10,"href":"https:\/\/medialua.es\/gl\/wp-json\/wp\/v2\/pages\/280\/revisions"}],"predecessor-version":[{"id":6175,"href":"https:\/\/medialua.es\/gl\/wp-json\/wp\/v2\/pages\/280\/revisions\/6175"}],"wp:attachment":[{"href":"https:\/\/medialua.es\/gl\/wp-json\/wp\/v2\/media?parent=280"}],"curies":[{"name":"wp","href":"https:\/\/api.w.org\/{rel}","templated":true}]}}