{"id":157,"date":"2014-07-24T13:33:14","date_gmt":"2014-07-24T11:33:14","guid":{"rendered":"http:\/\/medialua.es\/welcome-2\/"},"modified":"2021-12-16T20:33:22","modified_gmt":"2021-12-16T19:33:22","slug":"welcome","status":"publish","type":"page","link":"https:\/\/medialua.es\/gl\/","title":{"rendered":"Inicio"},"content":{"rendered":"\n<div class=\"alignfull ghostkit-carousel\" data-effect=\"slide\" data-speed=\"1\" data-autoplay=\"4\" data-slides-per-view=\"1\" data-centered-slides=\"true\" data-loop=\"true\" data-free-scroll=\"false\" data-show-arrows=\"true\" data-show-bullets=\"false\" data-dynamic-bullets=\"true\" data-gap=\"0\"><div class=\"ghostkit-carousel-items\">\n<div class=\"ghostkit-carousel-slide is-layout-flow wp-block-ghostkit-carousel-slide-is-layout-flow\">\n<div class=\"wp-block-cover\" style=\"min-height:500px;aspect-ratio:unset;\"><img loading=\"lazy\" decoding=\"async\" width=\"1920\" height=\"1080\" class=\"wp-block-cover__image-background wp-image-6952\" alt=\"\" src=\"https:\/\/medialua.es\/wp-content\/uploads\/2021\/11\/carrusel-portada-media-lua-2.jpg\" style=\"object-position:48% 16%\" data-object-fit=\"cover\" data-object-position=\"48% 16%\" srcset=\"https:\/\/medialua.es\/wp-content\/uploads\/2021\/11\/carrusel-portada-media-lua-2.jpg 1920w, https:\/\/medialua.es\/wp-content\/uploads\/2021\/11\/carrusel-portada-media-lua-2-300x169.jpg 300w, https:\/\/medialua.es\/wp-content\/uploads\/2021\/11\/carrusel-portada-media-lua-2-1024x576.jpg 1024w, https:\/\/medialua.es\/wp-content\/uploads\/2021\/11\/carrusel-portada-media-lua-2-768x432.jpg 768w, https:\/\/medialua.es\/wp-content\/uploads\/2021\/11\/carrusel-portada-media-lua-2-1536x864.jpg 1536w, https:\/\/medialua.es\/wp-content\/uploads\/2021\/11\/carrusel-portada-media-lua-2-416x234.jpg 416w\" sizes=\"auto, (max-width: 1920px) 100vw, 1920px\" \/><div class=\"wp-block-cover__inner-container is-layout-flow wp-block-cover-is-layout-flow\">\n<div class=\"wp-block-buttons is-content-justification-center is-layout-flex wp-block-buttons-is-layout-flex\">\n<div class=\"wp-block-button\"><a class=\"wp-block-button__link\" href=\"https:\/\/medialua.es\/gl\/shop\/\">TENDA<\/a><\/div>\n<\/div>\n<\/div><\/div>\n<\/div>\n\n\n\n<div class=\"ghostkit-carousel-slide is-layout-flow wp-block-ghostkit-carousel-slide-is-layout-flow\">\n<div class=\"wp-block-cover\" style=\"min-height:500px;aspect-ratio:unset;\"><img loading=\"lazy\" decoding=\"async\" width=\"1920\" height=\"1080\" class=\"wp-block-cover__image-background wp-image-6948\" alt=\"\" src=\"https:\/\/medialua.es\/wp-content\/uploads\/2021\/11\/carrusel-portada-media-lua-1.jpg\" data-object-fit=\"cover\" srcset=\"https:\/\/medialua.es\/wp-content\/uploads\/2021\/11\/carrusel-portada-media-lua-1.jpg 1920w, https:\/\/medialua.es\/wp-content\/uploads\/2021\/11\/carrusel-portada-media-lua-1-300x169.jpg 300w, https:\/\/medialua.es\/wp-content\/uploads\/2021\/11\/carrusel-portada-media-lua-1-1024x576.jpg 1024w, https:\/\/medialua.es\/wp-content\/uploads\/2021\/11\/carrusel-portada-media-lua-1-768x432.jpg 768w, https:\/\/medialua.es\/wp-content\/uploads\/2021\/11\/carrusel-portada-media-lua-1-1536x864.jpg 1536w, https:\/\/medialua.es\/wp-content\/uploads\/2021\/11\/carrusel-portada-media-lua-1-416x234.jpg 416w\" sizes=\"auto, (max-width: 1920px) 100vw, 1920px\" \/><div class=\"wp-block-cover__inner-container is-layout-flow wp-block-cover-is-layout-flow\">\n<div class=\"wp-block-buttons is-content-justification-center is-layout-flex wp-block-buttons-is-layout-flex\">\n<div class=\"wp-block-button is-style-fill\"><a class=\"wp-block-button__link\" href=\"https:\/\/medialua.es\/gl\/shop\/\">TENDA<\/a><\/div>\n<\/div>\n<\/div><\/div>\n<\/div>\n<\/div><div class=\"ghostkit-carousel-arrow-prev-icon\"><svg class=\"ghostkit-svg-icon\" width=\"24\" height=\"24\" viewBox=\"0 0 24 24\" fill=\"none\" xmlns=\"http:\/\/www.w3.org\/2000\/svg\"><path fill-rule=\"evenodd\" clip-rule=\"evenodd\" d=\"M14.7803 17.7803C14.4874 18.0732 14.0126 18.0732 13.7197 17.7803L8.4697 12.5303C8.1768 12.2374 8.1768 11.7626 8.4697 11.4697L13.7197 6.21967C14.0126 5.92678 14.4874 5.92678 14.7803 6.21967C15.0732 6.51256 15.0732 6.98744 14.7803 7.28033L10.0607 12L14.7803 16.7197C15.0732 17.0126 15.0732 17.4874 14.7803 17.7803Z\" fill=\"currentColor\"\/><\/svg><\/div><div class=\"ghostkit-carousel-arrow-next-icon\"><svg class=\"ghostkit-svg-icon\" width=\"24\" height=\"24\" viewBox=\"0 0 24 24\" fill=\"none\" xmlns=\"http:\/\/www.w3.org\/2000\/svg\"><path fill-rule=\"evenodd\" clip-rule=\"evenodd\" d=\"M9.21967 6.2197C9.51256 5.9268 9.98744 5.9268 10.2803 6.2197L15.5303 11.4697C15.8232 11.7626 15.8232 12.2374 15.5303 12.5303L10.2803 17.7803C9.98744 18.0732 9.51256 18.0732 9.21967 17.7803C8.92678 17.4874 8.92678 17.0126 9.21967 16.7197L13.9393 12L9.21967 7.2803C8.92678 6.9874 8.92678 6.5126 9.21967 6.2197Z\" fill=\"currentColor\"\/><\/svg><\/div><\/div>\n\n<div style=\"height:60px\" aria-hidden=\"true\" class=\"wp-block-spacer\"><\/div>\n\n<h2 class=\"has-text-align-center wp-block-heading\" style=\"font-size:50px\">medial\u00faa<\/h2>\n\n<p class=\"has-text-align-center\" style=\"font-size:18px\">En Media L\u00faa ofrecemos artigos \u00fanicos e orixinais realizados no propio taller. Empregamos t\u00e9cnicas tradicionais de guarnicioneiro e t\u00f3dalas pezas est\u00e1n cosidas \u00e1 man para que a nosa produci\u00f3n sexa totalmente manual. Todos os nosos artigos est\u00e1n feitos con peles de curtido vexetal: vac\u00fan de primeira calidade para os exteriores e porcino para os interiores.<\/p>\n\n<div style=\"height:60px\" aria-hidden=\"true\" class=\"wp-block-spacer\"><\/div>\n\n<h2 class=\"has-text-align-center wp-block-heading\" style=\"font-size:50px\">Na nosa tenda<\/h2>\n<div data-align-buttons=\"true\" data-block-name=\"woocommerce\/product-new\" data-content-visibility=\"{&quot;title&quot;:true,&quot;price&quot;:true,&quot;rating&quot;:false,&quot;button&quot;:false}\" data-rows=\"2\" class=\"wc-block-grid wp-block-product-new wp-block-woocommerce-product-new wc-block-product-new has-3-columns has-multiple-rows has-aligned-buttons cajas-producto\"><ul class=\"wc-block-grid__products\"><li class=\"wc-block-grid__product\">\n\t\t\t\t<a href=\"https:\/\/medialua.es\/gl\/produto\/cinturon-c40-5\/\" class=\"wc-block-grid__product-link\">\n\t\t\t\t\t\n\t\t\t\t\t<div class=\"wc-block-grid__product-image\"><img loading=\"lazy\" decoding=\"async\" width=\"324\" height=\"324\" src=\"https:\/\/medialua.es\/wp-content\/uploads\/2015\/06\/Untitled-26644-324x324.jpg\" class=\"attachment-woocommerce_thumbnail size-woocommerce_thumbnail\" alt=\"Cintur\u00f3n C40\" srcset=\"https:\/\/medialua.es\/wp-content\/uploads\/2015\/06\/Untitled-26644-324x324.jpg 324w, https:\/\/medialua.es\/wp-content\/uploads\/2015\/06\/Untitled-26644-100x100.jpg 100w, https:\/\/medialua.es\/wp-content\/uploads\/2015\/06\/Untitled-26644-150x150.jpg 150w\" sizes=\"auto, (max-width: 324px) 100vw, 324px\" \/><\/div>\n\t\t\t\t\t<div class=\"wc-block-grid__product-title\">Cintur\u00f3n C40<\/div>\n\t\t\t\t<\/a>\n\t\t\t\t<div class=\"wc-block-grid__product-price price\"><span class=\"woocommerce-Price-amount amount\">39,00<span class=\"woocommerce-Price-currencySymbol\">&euro;<\/span><\/span><\/div>\n\t\t\t\t\n\t\t\t\t\n\t\t\t<\/li><li class=\"wc-block-grid__product\">\n\t\t\t\t<a href=\"https:\/\/medialua.es\/gl\/produto\/cinturon-c40c35\/\" class=\"wc-block-grid__product-link\">\n\t\t\t\t\t\n\t\t\t\t\t<div class=\"wc-block-grid__product-image\"><img loading=\"lazy\" decoding=\"async\" width=\"324\" height=\"324\" src=\"https:\/\/medialua.es\/wp-content\/uploads\/2015\/06\/Untitled-2-324x324.jpg\" class=\"attachment-woocommerce_thumbnail size-woocommerce_thumbnail\" alt=\"Cintur\u00f3n C40\/C35\" srcset=\"https:\/\/medialua.es\/wp-content\/uploads\/2015\/06\/Untitled-2-324x324.jpg 324w, https:\/\/medialua.es\/wp-content\/uploads\/2015\/06\/Untitled-2-100x100.jpg 100w, https:\/\/medialua.es\/wp-content\/uploads\/2015\/06\/Untitled-2-150x150.jpg 150w\" sizes=\"auto, (max-width: 324px) 100vw, 324px\" \/><\/div>\n\t\t\t\t\t<div class=\"wc-block-grid__product-title\">Cintur\u00f3n C40\/C35<\/div>\n\t\t\t\t<\/a>\n\t\t\t\t<div class=\"wc-block-grid__product-price price\"><span class=\"woocommerce-Price-amount amount\" aria-hidden=\"true\">30,00<span class=\"woocommerce-Price-currencySymbol\">&euro;<\/span><\/span> <span aria-hidden=\"true\">&#8211;<\/span> <span class=\"woocommerce-Price-amount amount\" aria-hidden=\"true\">39,00<span class=\"woocommerce-Price-currencySymbol\">&euro;<\/span><\/span><span class=\"screen-reader-text\">Rango de prezos: desde 30,00&euro; ata 39,00&euro;<\/span><\/div>\n\t\t\t\t\n\t\t\t\t\n\t\t\t<\/li><li class=\"wc-block-grid__product\">\n\t\t\t\t<a href=\"https:\/\/medialua.es\/gl\/produto\/cinturon-c30\/\" class=\"wc-block-grid__product-link\">\n\t\t\t\t\t\n\t\t\t\t\t<div class=\"wc-block-grid__product-image\"><img loading=\"lazy\" decoding=\"async\" width=\"324\" height=\"324\" src=\"https:\/\/medialua.es\/wp-content\/uploads\/2015\/06\/C30-22\u20ac-324x324.jpg\" class=\"attachment-woocommerce_thumbnail size-woocommerce_thumbnail\" alt=\"Cintur\u00f3n C30\" srcset=\"https:\/\/medialua.es\/wp-content\/uploads\/2015\/06\/C30-22\u20ac-324x324.jpg 324w, https:\/\/medialua.es\/wp-content\/uploads\/2015\/06\/C30-22\u20ac-100x100.jpg 100w, https:\/\/medialua.es\/wp-content\/uploads\/2015\/06\/C30-22\u20ac-150x150.jpg 150w\" sizes=\"auto, (max-width: 324px) 100vw, 324px\" \/><\/div>\n\t\t\t\t\t<div class=\"wc-block-grid__product-title\">Cintur\u00f3n C30<\/div>\n\t\t\t\t<\/a>\n\t\t\t\t<div class=\"wc-block-grid__product-price price\"><span class=\"woocommerce-Price-amount amount\">29,00<span class=\"woocommerce-Price-currencySymbol\">&euro;<\/span><\/span><\/div>\n\t\t\t\t\n\t\t\t\t\n\t\t\t<\/li><li class=\"wc-block-grid__product\">\n\t\t\t\t<a href=\"https:\/\/medialua.es\/gl\/produto\/cinturon-c40-4\/\" class=\"wc-block-grid__product-link\">\n\t\t\t\t\t\n\t\t\t\t\t<div class=\"wc-block-grid__product-image\"><img loading=\"lazy\" decoding=\"async\" width=\"324\" height=\"324\" src=\"https:\/\/medialua.es\/wp-content\/uploads\/2015\/06\/Untitled-22-324x324.jpg\" class=\"attachment-woocommerce_thumbnail size-woocommerce_thumbnail\" alt=\"Cintur\u00f3n C40\" srcset=\"https:\/\/medialua.es\/wp-content\/uploads\/2015\/06\/Untitled-22-324x324.jpg 324w, https:\/\/medialua.es\/wp-content\/uploads\/2015\/06\/Untitled-22-100x100.jpg 100w, https:\/\/medialua.es\/wp-content\/uploads\/2015\/06\/Untitled-22-150x150.jpg 150w\" sizes=\"auto, (max-width: 324px) 100vw, 324px\" \/><\/div>\n\t\t\t\t\t<div class=\"wc-block-grid__product-title\">Cintur\u00f3n C40<\/div>\n\t\t\t\t<\/a>\n\t\t\t\t<div class=\"wc-block-grid__product-price price\"><span class=\"woocommerce-Price-amount amount\">42,00<span class=\"woocommerce-Price-currencySymbol\">&euro;<\/span><\/span><\/div>\n\t\t\t\t\n\t\t\t\t\n\t\t\t<\/li><li class=\"wc-block-grid__product\">\n\t\t\t\t<a href=\"https:\/\/medialua.es\/gl\/produto\/cinturon-c40-3\/\" class=\"wc-block-grid__product-link\">\n\t\t\t\t\t\n\t\t\t\t\t<div class=\"wc-block-grid__product-image\"><img loading=\"lazy\" decoding=\"async\" width=\"324\" height=\"324\" src=\"https:\/\/medialua.es\/wp-content\/uploads\/2015\/06\/C40-32\u20ac-scaled-324x324.jpg\" class=\"attachment-woocommerce_thumbnail size-woocommerce_thumbnail\" alt=\"Cintur\u00f3n C40\" srcset=\"https:\/\/medialua.es\/wp-content\/uploads\/2015\/06\/C40-32\u20ac-scaled-324x324.jpg 324w, https:\/\/medialua.es\/wp-content\/uploads\/2015\/06\/C40-32\u20ac-scaled-100x100.jpg 100w, https:\/\/medialua.es\/wp-content\/uploads\/2015\/06\/C40-32\u20ac-150x150.jpg 150w\" sizes=\"auto, (max-width: 324px) 100vw, 324px\" \/><\/div>\n\t\t\t\t\t<div class=\"wc-block-grid__product-title\">Cintur\u00f3n C40<\/div>\n\t\t\t\t<\/a>\n\t\t\t\t<div class=\"wc-block-grid__product-price price\"><span class=\"woocommerce-Price-amount amount\">39,00<span class=\"woocommerce-Price-currencySymbol\">&euro;<\/span><\/span><\/div>\n\t\t\t\t\n\t\t\t\t\n\t\t\t<\/li><li class=\"wc-block-grid__product\">\n\t\t\t\t<a href=\"https:\/\/medialua.es\/gl\/produto\/cinturon-c40-2\/\" class=\"wc-block-grid__product-link\">\n\t\t\t\t\t\n\t\t\t\t\t<div class=\"wc-block-grid__product-image\"><img loading=\"lazy\" decoding=\"async\" width=\"324\" height=\"324\" src=\"https:\/\/medialua.es\/wp-content\/uploads\/2015\/06\/Untitled11-324x324.jpg\" class=\"attachment-woocommerce_thumbnail size-woocommerce_thumbnail\" alt=\"Cintur\u00f3n C40\" srcset=\"https:\/\/medialua.es\/wp-content\/uploads\/2015\/06\/Untitled11-324x324.jpg 324w, https:\/\/medialua.es\/wp-content\/uploads\/2015\/06\/Untitled11-100x100.jpg 100w, https:\/\/medialua.es\/wp-content\/uploads\/2015\/06\/Untitled11-150x150.jpg 150w\" sizes=\"auto, (max-width: 324px) 100vw, 324px\" \/><\/div>\n\t\t\t\t\t<div class=\"wc-block-grid__product-title\">Cintur\u00f3n C40<\/div>\n\t\t\t\t<\/a>\n\t\t\t\t<div class=\"wc-block-grid__product-price price\"><span class=\"woocommerce-Price-amount amount\">39,00<span class=\"woocommerce-Price-currencySymbol\">&euro;<\/span><\/span><\/div>\n\t\t\t\t\n\t\t\t\t\n\t\t\t<\/li><\/ul><\/div>\n<div style=\"height:60px\" aria-hidden=\"true\" class=\"wp-block-spacer\"><\/div>\n\n<div class=\"wp-block-buttons is-content-justification-center is-layout-flex wp-block-buttons-is-layout-flex\">\n<div class=\"wp-block-button\"><a class=\"wp-block-button__link\" href=\"https:\/\/medialua.es\/gl\/video\/\">V\u00cdDEO<\/a><\/div>\n<\/div>\n","protected":false},"excerpt":{"rendered":"<p>medial\u00faa En Media L\u00faa ofrecemos artigos \u00fanicos e orixinais realizados no propio taller. Empregamos t\u00e9cnicas tradicionais de guarnicioneiro e t\u00f3dalas pezas est\u00e1n cosidas \u00e1 man para que a nosa produci\u00f3n sexa totalmente manual. Todos os nosos artigos est\u00e1n feitos con peles de curtido vexetal: vac\u00fan de primeira calidade para os exteriores e porcino para os [&hellip;]<\/p>\n","protected":false},"author":4,"featured_media":0,"parent":0,"menu_order":0,"comment_status":"closed","ping_status":"closed","template":"template-fullwidth.php","meta":{"ghostkit_customizer_options":"","ghostkit_custom_css":"","ghostkit_custom_js_head":"","ghostkit_custom_js_foot":"","ghostkit_typography":"","footnotes":""},"class_list":["post-157","page","type-page","status-publish","hentry"],"aioseo_notices":[],"_links":{"self":[{"href":"https:\/\/medialua.es\/gl\/wp-json\/wp\/v2\/pages\/157","targetHints":{"allow":["GET"]}}],"collection":[{"href":"https:\/\/medialua.es\/gl\/wp-json\/wp\/v2\/pages"}],"about":[{"href":"https:\/\/medialua.es\/gl\/wp-json\/wp\/v2\/types\/page"}],"author":[{"embeddable":true,"href":"https:\/\/medialua.es\/gl\/wp-json\/wp\/v2\/users\/4"}],"replies":[{"embeddable":true,"href":"https:\/\/medialua.es\/gl\/wp-json\/wp\/v2\/comments?post=157"}],"version-history":[{"count":25,"href":"https:\/\/medialua.es\/gl\/wp-json\/wp\/v2\/pages\/157\/revisions"}],"predecessor-version":[{"id":7199,"href":"https:\/\/medialua.es\/gl\/wp-json\/wp\/v2\/pages\/157\/revisions\/7199"}],"wp:attachment":[{"href":"https:\/\/medialua.es\/gl\/wp-json\/wp\/v2\/media?parent=157"}],"curies":[{"name":"wp","href":"https:\/\/api.w.org\/{rel}","templated":true}]}}