{"id":6403,"date":"2014-07-29T13:15:17","date_gmt":"2014-07-29T11:15:17","guid":{"rendered":"https:\/\/staging.medialua.es\/privacy-policy\/"},"modified":"2021-11-19T10:56:32","modified_gmt":"2021-11-19T09:56:32","slug":"privacy-policy","status":"publish","type":"page","link":"https:\/\/medialua.es\/en\/privacy-policy\/","title":{"rendered":"Privacy Policy"},"content":{"rendered":"\n<p>De conformidad con lo que establece la Ley Org\u00e1nica 15\/1999 de Protecci\u00f3n de Datos de Car\u00e1cter Personal, se le informa que los datos personales que nos facilite mediante el uso de los formularios sitos en la p\u00e1gina web, ser\u00e1n incorporados a un fichero titularidad de Ana Serra Garc\u00eda, con la finalidad de gestionar su solicitud y enviarle informaci\u00f3n m\u00e1s detallada. Asimismo, Ana Serra Garc\u00eda le informa de la posibilidad de ejercer los derechos de acceso, cancelaci\u00f3n, rectificaci\u00f3n y oposici\u00f3n mediante un escrito a la direcci\u00f3n Cami\u00f1o da Chousa,2, 36770 O Rosal (Pontevedra), o por email a la direcci\u00f3n info@medialua.es. Mientras no nos comunique lo contrario, entenderemos que sus datos no han sido modificados, que usted se compromete a notificarnos cualquier variaci\u00f3n y que tenemos el consentimiento para utilizarlos a fin de poder fidelizar la relaci\u00f3n entre las partes.<\/p>\n\n\n\n<p>De acuerdo con lo que establece la Ley 34\/2002, de Servicios de la Sociedad de la Informaci\u00f3n y el Comercio Electr\u00f3nico en su art\u00edculo 21, solicitamos su consentimiento para poder realizar comunicaciones publicitarias que consideremos puedan ser de su inter\u00e9s, por correo electr\u00f3nico o por cualquier otro medio de comunicaci\u00f3n electr\u00f3nica equivalente.<\/p>\n","protected":false},"excerpt":{"rendered":"<p>De conformidad con lo que establece la Ley Org\u00e1nica 15\/1999 de Protecci\u00f3n de Datos de Car\u00e1cter Personal, se le informa que los datos personales que nos facilite mediante el uso de los formularios sitos en la p\u00e1gina web, ser\u00e1n incorporados a un fichero titularidad de Ana Serra Garc\u00eda, con la finalidad de gestionar su solicitud [&hellip;]<\/p>\n","protected":false},"author":4,"featured_media":0,"parent":0,"menu_order":0,"comment_status":"closed","ping_status":"closed","template":"template-fullwidth.php","meta":{"ghostkit_customizer_options":"","ghostkit_custom_css":"","ghostkit_custom_js_head":"","ghostkit_custom_js_foot":"","ghostkit_typography":"","footnotes":""},"class_list":["post-6403","page","type-page","status-publish","hentry"],"aioseo_notices":[],"_links":{"self":[{"href":"https:\/\/medialua.es\/en\/wp-json\/wp\/v2\/pages\/6403","targetHints":{"allow":["GET"]}}],"collection":[{"href":"https:\/\/medialua.es\/en\/wp-json\/wp\/v2\/pages"}],"about":[{"href":"https:\/\/medialua.es\/en\/wp-json\/wp\/v2\/types\/page"}],"author":[{"embeddable":true,"href":"https:\/\/medialua.es\/en\/wp-json\/wp\/v2\/users\/4"}],"replies":[{"embeddable":true,"href":"https:\/\/medialua.es\/en\/wp-json\/wp\/v2\/comments?post=6403"}],"version-history":[{"count":3,"href":"https:\/\/medialua.es\/en\/wp-json\/wp\/v2\/pages\/6403\/revisions"}],"predecessor-version":[{"id":7026,"href":"https:\/\/medialua.es\/en\/wp-json\/wp\/v2\/pages\/6403\/revisions\/7026"}],"wp:attachment":[{"href":"https:\/\/medialua.es\/en\/wp-json\/wp\/v2\/media?parent=6403"}],"curies":[{"name":"wp","href":"https:\/\/api.w.org\/{rel}","templated":true}]}}