{"id":187,"date":"2014-07-24T13:40:28","date_gmt":"2014-07-24T11:40:28","guid":{"rendered":"http:\/\/medialua.es\/?page_id=187"},"modified":"2021-10-15T16:34:27","modified_gmt":"2021-10-15T14:34:27","slug":"contact","status":"publish","type":"page","link":"https:\/\/medialua.es\/en\/contact\/","title":{"rendered":"Contact"},"content":{"rendered":"\n<iframe src=\"https:\/\/www.google.com\/maps\/embed?pb=!1m14!1m8!1m3!1d5936.633923022099!2d-8.83487402392927!3d41.92903999999998!3m2!1i1024!2i768!4f13.1!3m3!1m2!1s0x0%3A0x7becca83040e617!2zTWVkaWFsw7ph!5e0!3m2!1ses!2sus!4v1634301433846!5m2!1ses!2sus\" width=\"100%\" height=\"400\" style=\"border:0;\" allowfullscreen=\"\" loading=\"lazy\"><\/iframe>\n\n\n\n<div style=\"height:60px\" aria-hidden=\"true\" class=\"wp-block-spacer\"><\/div>\n\n\n\n<div class=\"wp-block-columns is-layout-flex wp-container-core-columns-is-layout-28f84493 wp-block-columns-is-layout-flex\">\n<div class=\"wp-block-column is-layout-flow wp-block-column-is-layout-flow\" style=\"flex-basis:33.33%\">\n<h2 class=\"wp-block-heading\">medial\u00faa<\/h2>\n\n\n\n<p>Cami\u00f1o da Chousa 2<br>36770 &#8211; O Rosal<br>Pontevedra &#8211; Galicia<br><a href=\"tel:+34639833961\">(+34) 639 83 39 61<\/a><br><a href=\"mailto:info@medialua.es\">info@medialua.es<\/a><\/p>\n\n\n\n<h2 class=\"wp-block-heading\">Time Table<\/h2>\n\n\n\n<p>Appointment<\/p>\n<\/div>\n\n\n\n<div class=\"wp-block-column is-layout-flow wp-block-column-is-layout-flow\" style=\"flex-basis:66.66%\">\n<h2 class=\"wp-block-heading\">Contact form<\/h2>\n\n\n\n<div class=\"wp-block-contact-form-7-contact-form-selector\">\n<div class=\"wpcf7 no-js\" id=\"wpcf7-f6570-o1\" lang=\"en-US\" dir=\"ltr\" data-wpcf7-id=\"6570\">\n<div class=\"screen-reader-response\"><p role=\"status\" aria-live=\"polite\" aria-atomic=\"true\"><\/p> <ul><\/ul><\/div>\n<form action=\"\/en\/wp-json\/wp\/v2\/pages\/187#wpcf7-f6570-o1\" method=\"post\" class=\"wpcf7-form init wpcf7-acceptance-as-validation\" aria-label=\"Contact form\" enctype=\"multipart\/form-data\" novalidate=\"novalidate\" data-status=\"init\">\n<fieldset class=\"hidden-fields-container\"><input type=\"hidden\" name=\"_wpcf7\" value=\"6570\" \/><input type=\"hidden\" name=\"_wpcf7_version\" value=\"6.1.4\" \/><input type=\"hidden\" name=\"_wpcf7_locale\" value=\"en_US\" \/><input type=\"hidden\" name=\"_wpcf7_unit_tag\" value=\"wpcf7-f6570-o1\" \/><input type=\"hidden\" name=\"_wpcf7_container_post\" value=\"0\" \/><input type=\"hidden\" name=\"_wpcf7_posted_data_hash\" value=\"\" \/><input type=\"hidden\" name=\"_wpcf7_recaptcha_response\" value=\"\" \/>\n<\/fieldset>\n<p><span class=\"wpcf7-form-control-wrap\" data-name=\"nombre\"><input size=\"40\" maxlength=\"400\" class=\"wpcf7-form-control wpcf7-text wpcf7-validates-as-required maxwidth-contact\" aria-required=\"true\" aria-invalid=\"false\" placeholder=\"name*\" value=\"\" type=\"text\" name=\"nombre\" \/><\/span>\n<\/p>\n<p><span class=\"wpcf7-form-control-wrap\" data-name=\"email\"><input size=\"40\" maxlength=\"400\" class=\"wpcf7-form-control wpcf7-email wpcf7-validates-as-required wpcf7-text wpcf7-validates-as-email maxwidth-contact\" aria-required=\"true\" aria-invalid=\"false\" placeholder=\"e-mail*\" value=\"\" type=\"email\" name=\"email\" \/><\/span>\n<\/p>\n<p><span class=\"wpcf7-form-control-wrap\" data-name=\"telefono\"><input size=\"40\" maxlength=\"400\" class=\"wpcf7-form-control wpcf7-text wpcf7-validates-as-required maxwidth-contact\" aria-required=\"true\" aria-invalid=\"false\" placeholder=\"phone*\" value=\"\" type=\"text\" name=\"telefono\" \/><\/span>\n<\/p>\n<p><span class=\"wpcf7-form-control-wrap\" data-name=\"mensaje\"><textarea cols=\"40\" rows=\"10\" maxlength=\"2000\" class=\"wpcf7-form-control wpcf7-textarea maxwidth-contact\" aria-invalid=\"false\" placeholder=\"message\" name=\"mensaje\"><\/textarea><\/span>\n<\/p>\n<p><span class=\"wpcf7-form-control-wrap\" data-name=\"imagen-medialua\"><input size=\"40\" class=\"wpcf7-form-control wpcf7-file\" accept=\"audio\/*,video\/*,image\/*\" aria-invalid=\"false\" type=\"file\" name=\"imagen-medialua\" \/><\/span>\n<\/p>\n<div class=\"privacidad\">\n\t<p><small><strong>- Responsable de datos:<\/strong> Media L\u00faa<\/small><br \/>\n<small><strong>- Finalidad:<\/strong>\u00a0sus datos ser\u00e1n tratados con la finalidad\u00a0 de mantenerle informado, incluso por medios electr\u00f3nicos, sobre cuestiones relativas a la actividad de la compa\u00f1\u00eda y sus servicios.<\/small><br \/>\n<small><strong>- Legitimaci\u00f3n:<\/strong>\u00a0tu consentimiento expreso.<\/small><br \/>\n<small><strong>- Destinatario:<\/strong> Media L\u00faa, los datos en soporte inform\u00e1tico est\u00e1n almacenados en un servidor central.<\/small><br \/>\n<small><strong>- Derechos:<\/strong> acceso,\u00a0oposici\u00f3n,\u00a0rectificaci\u00f3n,\u00a0cancelaci\u00f3n y portabilidad de todo\u00a0sus datos.<\/small>\n\t<\/p>\n<\/div>\n<p><span class=\"wpcf7-form-control-wrap\" data-name=\"acceptance-112\"><span class=\"wpcf7-form-control wpcf7-acceptance\"><span class=\"wpcf7-list-item\"><input type=\"checkbox\" name=\"acceptance-112\" value=\"1\" aria-invalid=\"false\" \/><\/span><\/span><\/span><small> specifically declare that I know and accept the <a href=\"\/en\/privacy-policy\/\" title=\"Pol\u00edtica de privacidad\" target=\"_blank\">PRIVACY POLICY <\/a> of the website medialua.es<\/small>\n<\/p>\n<p><input class=\"wpcf7-form-control wpcf7-submit has-spinner\" type=\"submit\" value=\"Send\" \/>\n<\/p><div class=\"wpcf7-response-output\" aria-hidden=\"true\"><\/div>\n<\/form>\n<\/div>\n<\/div>\n<\/div>\n<\/div>\n","protected":false},"excerpt":{"rendered":"<p>medial\u00faa Cami\u00f1o da Chousa 236770 &#8211; O RosalPontevedra &#8211; Galicia(+34) 639 83 39 61info@medialua.es Time Table Appointment Contact form<\/p>\n","protected":false},"author":4,"featured_media":0,"parent":0,"menu_order":0,"comment_status":"closed","ping_status":"closed","template":"template-fullwidth.php","meta":{"ghostkit_customizer_options":"","ghostkit_custom_css":"","ghostkit_custom_js_head":"","ghostkit_custom_js_foot":"","ghostkit_typography":"","footnotes":""},"class_list":["post-187","page","type-page","status-publish","hentry"],"aioseo_notices":[],"_links":{"self":[{"href":"https:\/\/medialua.es\/en\/wp-json\/wp\/v2\/pages\/187","targetHints":{"allow":["GET"]}}],"collection":[{"href":"https:\/\/medialua.es\/en\/wp-json\/wp\/v2\/pages"}],"about":[{"href":"https:\/\/medialua.es\/en\/wp-json\/wp\/v2\/types\/page"}],"author":[{"embeddable":true,"href":"https:\/\/medialua.es\/en\/wp-json\/wp\/v2\/users\/4"}],"replies":[{"embeddable":true,"href":"https:\/\/medialua.es\/en\/wp-json\/wp\/v2\/comments?post=187"}],"version-history":[{"count":9,"href":"https:\/\/medialua.es\/en\/wp-json\/wp\/v2\/pages\/187\/revisions"}],"predecessor-version":[{"id":6723,"href":"https:\/\/medialua.es\/en\/wp-json\/wp\/v2\/pages\/187\/revisions\/6723"}],"wp:attachment":[{"href":"https:\/\/medialua.es\/en\/wp-json\/wp\/v2\/media?parent=187"}],"curies":[{"name":"wp","href":"https:\/\/api.w.org\/{rel}","templated":true}]}}